{"id":17815,"date":"2025-06-17T17:03:51","date_gmt":"2025-06-17T15:03:51","guid":{"rendered":"https:\/\/www.lemuseonline.com\/luxury-watch-brands\/tavannes\/"},"modified":"2025-06-19T11:48:33","modified_gmt":"2025-06-19T09:48:33","slug":"tavannes","status":"publish","type":"page","link":"https:\/\/www.lemuseonline.com\/en\/luxury-watch-brands\/tavannes\/","title":{"rendered":"Tavannes"},"content":{"rendered":"\n<h2 class=\"wp-block-heading\"><strong>Innovazione e precisione svizzera dal 1891<\/strong><\/h2>\n\n\n\n<p>Fondata nel 1891 da Henri-Fr\u00e9d\u00e9ric Sandoz nella cittadina di Tavannes, nel cantone di Berna,&nbsp;<a class=\"\" href=\"https:\/\/www.tavannes.com\/\">Tavannes Watch Co.<\/a>&nbsp;\u00e8 stata una delle Maison pi\u00f9 attive e innovative dell\u2019orologeria svizzera della prima met\u00e0 del Novecento. Negli anni '20 e '30, Tavannes era tra i pi\u00f9 grandi produttori di orologi al mondo, celebre per la qualit\u00e0 dei suoi movimenti e per la sua capacit\u00e0 produttiva industriale, sempre abbinata all\u2019eccellenza artigianale.<\/p>\n\n\n\n<h2 class=\"wp-block-heading\"><strong>Dalla tasca al polso<\/strong><\/h2>\n\n\n\n<p>Tavannes ha giocato un ruolo importante nella transizione dall\u2019orologio da tasca all\u2019orologio da polso, realizzando calibri compatti, robusti e affidabili gi\u00e0 a partire dagli anni \u201910 del Novecento. Nel tempo ha sviluppato orologi per:<\/p>\n\n\n\n<ul class=\"wp-block-list\">\n<li>L\u2019uso militare (soprattutto durante la Prima Guerra Mondiale)<\/li>\n\n\n\n<li>Il mercato automobilistico (orologi da cruscotto e da viaggio)<\/li>\n\n\n\n<li>Clientela sportiva e tecnica, con modelli resistenti all\u2019acqua e alla polvere<\/li>\n<\/ul>\n\n\n\n<p>Negli anni \u201930 e \u201940 Tavannes produce anche per altri brand (tra cui Cyma, con cui condivideva parte dell\u2019impianto produttivo).<\/p>\n\n\n\n<h2 class=\"wp-block-heading\"><strong>Perch\u00e9 scegliere un Tavannes vintage<\/strong><\/h2>\n\n\n\n<p>Un Tavannes d\u2019epoca \u00e8 una vera chicca per collezionisti attenti e curiosi: si tratta di orologi spesso sottovalutati rispetto alla loro qualit\u00e0, con movimenti interamente sviluppati in-house, casse eleganti e quadranti raffinati.<\/p>\n\n\n\n<p>Modelli ricercati includono:<\/p>\n\n\n\n<ul class=\"wp-block-list\">\n<li>Tavannes Art D\u00e9co anni \u201920\u2013\u201930<\/li>\n\n\n\n<li>Orologi da tasca con lavorazioni smaltate o incise<\/li>\n\n\n\n<li>Cronografi e modelli militari anni \u201940<\/li>\n\n\n\n<li>Tavannes waterproof con fondello a vite<\/li>\n\n\n\n<li>Orologi da donna in oro o platino<\/li>\n<\/ul>\n\n\n\n<p>Sono perfetti per chi cerca un orologio vintage originale, elegante e fuori dai soliti circuiti, con grande valore storico.<\/p>\n\n\n\n<h2 class=\"wp-block-heading\"><strong>Scopri di pi\u00f9 su Tavannes<\/strong><\/h2>\n\n\n\n<p>Il marchio \u00e8 stato rilanciato in tempi recenti, offrendo nuove collezioni che richiamano la tradizione storica. Per ulteriori dettagli, visita il sito ufficiale\u00a0<a class=\"\" href=\"https:\/\/www.tavannes.com\/\">Tavannes<\/a>\u00a0oppure segui il brand su <a href=\"https:\/\/www.instagram.com\/tavanneswatchco\/\">Instagram<\/a>.<\/p>\n\n\n\n<p><\/p>\n","protected":false},"excerpt":{"rendered":"<p>Innovazione e precisione svizzera dal 1891 Fondata nel 1891 da Henri-Fr\u00e9d\u00e9ric Sandoz nella cittadina di Tavannes, nel cantone di Berna,&nbsp;Tavannes Watch Co.&nbsp;\u00e8 stata una delle Maison pi\u00f9 attive e innovative dell\u2019orologeria svizzera della prima met\u00e0 del Novecento. Negli anni '20 e '30, Tavannes era tra i pi\u00f9 grandi produttori di orologi al mondo, celebre per [&hellip;]<\/p>\n","protected":false},"author":2,"featured_media":17440,"parent":17726,"menu_order":0,"comment_status":"closed","ping_status":"closed","template":"","meta":{"_acf_changed":false,"footnotes":""},"class_list":["post-17815","page","type-page","status-publish","has-post-thumbnail","hentry"],"acf":[],"yoast_head":"<!-- This site is optimized with the Yoast SEO plugin v27.5 - https:\/\/yoast.com\/product\/yoast-seo-wordpress\/ -->\n<title>Tavannes - Le Muse s.r.l. Orologi<\/title>\n<meta name=\"description\" content=\"Discover vintage Tavannes watches: Art Deco elegance, Swiss precision, and historic high-quality movements.\" \/>\n<meta name=\"robots\" content=\"index, follow, max-snippet:-1, max-image-preview:large, max-video-preview:-1\" \/>\n<link rel=\"canonical\" href=\"https:\/\/www.lemuseonline.com\/en\/luxury-watch-brands\/tavannes\/\" \/>\n<meta property=\"og:locale\" content=\"en_US\" \/>\n<meta property=\"og:type\" content=\"article\" \/>\n<meta property=\"og:title\" content=\"Tavannes - Le Muse s.r.l. Orologi\" \/>\n<meta property=\"og:description\" content=\"Discover vintage Tavannes watches: Art Deco elegance, Swiss precision, and historic high-quality movements.\" \/>\n<meta property=\"og:url\" content=\"https:\/\/www.lemuseonline.com\/en\/luxury-watch-brands\/tavannes\/\" \/>\n<meta property=\"og:site_name\" content=\"Le Muse s.r.l. Orologi\" \/>\n<meta property=\"article:modified_time\" content=\"2025-06-19T09:48:33+00:00\" \/>\n<meta property=\"og:image\" content=\"https:\/\/www.lemuseonline.com\/wp-content\/uploads\/2025\/06\/Tavannes.jpg\" \/>\n\t<meta property=\"og:image:width\" content=\"800\" \/>\n\t<meta property=\"og:image:height\" content=\"800\" \/>\n\t<meta property=\"og:image:type\" content=\"image\/jpeg\" \/>\n<meta name=\"twitter:card\" content=\"summary_large_image\" \/>\n<meta name=\"twitter:label1\" content=\"Est. reading time\" \/>\n\t<meta name=\"twitter:data1\" content=\"4 minutes\" \/>\n<!-- \/ Yoast SEO plugin. -->","yoast_head_json":{"title":"Tavannes - Le Muse s.r.l. Orologi","description":"Discover vintage Tavannes watches: Art Deco elegance, Swiss precision, and historic high-quality movements.","robots":{"index":"index","follow":"follow","max-snippet":"max-snippet:-1","max-image-preview":"max-image-preview:large","max-video-preview":"max-video-preview:-1"},"canonical":"https:\/\/www.lemuseonline.com\/en\/luxury-watch-brands\/tavannes\/","og_locale":"en_US","og_type":"article","og_title":"Tavannes - Le Muse s.r.l. Orologi","og_description":"Discover vintage Tavannes watches: Art Deco elegance, Swiss precision, and historic high-quality movements.","og_url":"https:\/\/www.lemuseonline.com\/en\/luxury-watch-brands\/tavannes\/","og_site_name":"Le Muse s.r.l. Orologi","article_modified_time":"2025-06-19T09:48:33+00:00","og_image":[{"width":800,"height":800,"url":"https:\/\/www.lemuseonline.com\/wp-content\/uploads\/2025\/06\/Tavannes.jpg","type":"image\/jpeg"}],"twitter_card":"summary_large_image","twitter_misc":{"Est. reading time":"4 minutes"},"schema":{"@context":"https:\/\/schema.org","@graph":[{"@type":"WebPage","@id":"https:\/\/www.lemuseonline.com\/en\/luxury-watch-brands\/tavannes\/","url":"https:\/\/www.lemuseonline.com\/en\/luxury-watch-brands\/tavannes\/","name":"Tavannes - Le Muse s.r.l. Orologi","isPartOf":{"@id":"https:\/\/www.lemuseonline.com\/en\/#website"},"primaryImageOfPage":{"@id":"https:\/\/www.lemuseonline.com\/en\/luxury-watch-brands\/tavannes\/#primaryimage"},"image":{"@id":"https:\/\/www.lemuseonline.com\/en\/luxury-watch-brands\/tavannes\/#primaryimage"},"thumbnailUrl":"https:\/\/www.lemuseonline.com\/wp-content\/uploads\/2025\/06\/Tavannes.jpg","datePublished":"2025-06-17T15:03:51+00:00","dateModified":"2025-06-19T09:48:33+00:00","description":"Discover vintage Tavannes watches: Art Deco elegance, Swiss precision, and historic high-quality movements.","breadcrumb":{"@id":"https:\/\/www.lemuseonline.com\/en\/luxury-watch-brands\/tavannes\/#breadcrumb"},"inLanguage":"en-US","potentialAction":[{"@type":"ReadAction","target":["https:\/\/www.lemuseonline.com\/en\/luxury-watch-brands\/tavannes\/"]}]},{"@type":"ImageObject","inLanguage":"en-US","@id":"https:\/\/www.lemuseonline.com\/en\/luxury-watch-brands\/tavannes\/#primaryimage","url":"https:\/\/www.lemuseonline.com\/wp-content\/uploads\/2025\/06\/Tavannes.jpg","contentUrl":"https:\/\/www.lemuseonline.com\/wp-content\/uploads\/2025\/06\/Tavannes.jpg","width":800,"height":800},{"@type":"BreadcrumbList","@id":"https:\/\/www.lemuseonline.com\/en\/luxury-watch-brands\/tavannes\/#breadcrumb","itemListElement":[{"@type":"ListItem","position":1,"name":"Home","item":"https:\/\/www.lemuseonline.com\/en\/"},{"@type":"ListItem","position":2,"name":"Luxury watch brands","item":"https:\/\/www.lemuseonline.com\/en\/luxury-watch-brands\/"},{"@type":"ListItem","position":3,"name":"Tavannes"}]},{"@type":"WebSite","@id":"https:\/\/www.lemuseonline.com\/en\/#website","url":"https:\/\/www.lemuseonline.com\/en\/","name":"www.lemuseonline.com","description":"Orologi vintage e da collezione, riparazione orologi vintage a Milano","publisher":{"@id":"https:\/\/www.lemuseonline.com\/en\/#organization"},"potentialAction":[{"@type":"SearchAction","target":{"@type":"EntryPoint","urlTemplate":"https:\/\/www.lemuseonline.com\/en\/?s={search_term_string}"},"query-input":{"@type":"PropertyValueSpecification","valueRequired":true,"valueName":"search_term_string"}}],"inLanguage":"en-US"},{"@type":"Organization","@id":"https:\/\/www.lemuseonline.com\/en\/#organization","name":"www.lemuseonline.com","url":"https:\/\/www.lemuseonline.com\/en\/","logo":{"@type":"ImageObject","inLanguage":"en-US","@id":"https:\/\/www.lemuseonline.com\/en\/#\/schema\/logo\/image\/","url":"https:\/\/www.lemuseonline.com\/wp-content\/uploads\/2023\/06\/logo-le-muse.png","contentUrl":"https:\/\/www.lemuseonline.com\/wp-content\/uploads\/2023\/06\/logo-le-muse.png","width":400,"height":400,"caption":"www.lemuseonline.com"},"image":{"@id":"https:\/\/www.lemuseonline.com\/en\/#\/schema\/logo\/image\/"},"sameAs":["https:\/\/www.instagram.com\/lemusewatches\/"]}]}},"_links":{"self":[{"href":"https:\/\/www.lemuseonline.com\/en\/wp-json\/wp\/v2\/pages\/17815","targetHints":{"allow":["GET"]}}],"collection":[{"href":"https:\/\/www.lemuseonline.com\/en\/wp-json\/wp\/v2\/pages"}],"about":[{"href":"https:\/\/www.lemuseonline.com\/en\/wp-json\/wp\/v2\/types\/page"}],"author":[{"embeddable":true,"href":"https:\/\/www.lemuseonline.com\/en\/wp-json\/wp\/v2\/users\/2"}],"replies":[{"embeddable":true,"href":"https:\/\/www.lemuseonline.com\/en\/wp-json\/wp\/v2\/comments?post=17815"}],"version-history":[{"count":1,"href":"https:\/\/www.lemuseonline.com\/en\/wp-json\/wp\/v2\/pages\/17815\/revisions"}],"predecessor-version":[{"id":17817,"href":"https:\/\/www.lemuseonline.com\/en\/wp-json\/wp\/v2\/pages\/17815\/revisions\/17817"}],"up":[{"embeddable":true,"href":"https:\/\/www.lemuseonline.com\/en\/wp-json\/wp\/v2\/pages\/17726"}],"wp:featuredmedia":[{"embeddable":true,"href":"https:\/\/www.lemuseonline.com\/en\/wp-json\/wp\/v2\/media\/17440"}],"wp:attachment":[{"href":"https:\/\/www.lemuseonline.com\/en\/wp-json\/wp\/v2\/media?parent=17815"}],"curies":[{"name":"wp","href":"https:\/\/api.w.org\/{rel}","templated":true}]}}